{"id":8259,"date":"2019-02-03T21:26:06","date_gmt":"2019-02-03T21:26:06","guid":{"rendered":"https:\/\/escolagrancapita.wpcomstaging.com\/?page_id=8259"},"modified":"2019-02-03T21:26:06","modified_gmt":"2019-02-03T21:26:06","slug":"cicle-inicial-opina-que-es-per-a-tu-la-pau","status":"publish","type":"page","link":"https:\/\/escolagrancapita.wpcomstaging.com\/?page_id=8259","title":{"rendered":"Cicle Inicial opina: &#8220;Qu\u00e8 \u00e9s per a tu la PAU?&#8221;"},"content":{"rendered":"<div dir=\"ltr\">\n<div>\n<div>\n<div dir=\"ltr\">Us convidem a veure un petit v\u00eddeo on els alumnes de Cicle Inicial comparteixen la seva opini\u00f3 sobre la PAU.<\/div>\n<div dir=\"ltr\"><\/div>\n<div dir=\"ltr\">En ell, parlen sobre qu\u00e8 \u00e9s per a ells, qui creuen que s\u00f3n els responsables de portar-la a terme, i qu\u00e8 pensen que poden fer ells per fomentar-la.<\/div>\n<div dir=\"ltr\"><\/div>\n<div dir=\"ltr\">Desitgem que us agradi.<\/div>\n<\/div>\n<\/div>\n<\/div>\n<p><iframe loading=\"lazy\" src=\"https:\/\/www.youtube.com\/embed\/gJZ98cq0K0c\" width=\"1280\" height=\"704\" frameborder=\"0\" allowfullscreen=\"allowfullscreen\"><\/iframe><\/p>\n","protected":false},"excerpt":{"rendered":"<p>Us convidem a veure un petit v\u00eddeo on els alumnes de Cicle Inicial comparteixen la seva opini\u00f3 sobre la PAU. En ell, parlen sobre qu\u00e8 \u00e9s per a ells, qui creuen que s\u00f3n els responsables de portar-la a terme, i<\/p>\n","protected":false},"author":1,"featured_media":0,"parent":661,"menu_order":0,"comment_status":"closed","ping_status":"closed","template":"","meta":{"_crdt_document":"","footnotes":""},"categories":[75],"tags":[109,86],"class_list":["post-8259","page","type-page","status-publish","hentry","category-activitats","tag-curs-2018-19","tag-ed-primaria"],"jetpack_sharing_enabled":true,"_links":{"self":[{"href":"https:\/\/escolagrancapita.wpcomstaging.com\/index.php?rest_route=\/wp\/v2\/pages\/8259","targetHints":{"allow":["GET"]}}],"collection":[{"href":"https:\/\/escolagrancapita.wpcomstaging.com\/index.php?rest_route=\/wp\/v2\/pages"}],"about":[{"href":"https:\/\/escolagrancapita.wpcomstaging.com\/index.php?rest_route=\/wp\/v2\/types\/page"}],"author":[{"embeddable":true,"href":"https:\/\/escolagrancapita.wpcomstaging.com\/index.php?rest_route=\/wp\/v2\/users\/1"}],"replies":[{"embeddable":true,"href":"https:\/\/escolagrancapita.wpcomstaging.com\/index.php?rest_route=%2Fwp%2Fv2%2Fcomments&post=8259"}],"version-history":[{"count":0,"href":"https:\/\/escolagrancapita.wpcomstaging.com\/index.php?rest_route=\/wp\/v2\/pages\/8259\/revisions"}],"up":[{"embeddable":true,"href":"https:\/\/escolagrancapita.wpcomstaging.com\/index.php?rest_route=\/wp\/v2\/pages\/661"}],"wp:attachment":[{"href":"https:\/\/escolagrancapita.wpcomstaging.com\/index.php?rest_route=%2Fwp%2Fv2%2Fmedia&parent=8259"}],"wp:term":[{"taxonomy":"category","embeddable":true,"href":"https:\/\/escolagrancapita.wpcomstaging.com\/index.php?rest_route=%2Fwp%2Fv2%2Fcategories&post=8259"},{"taxonomy":"post_tag","embeddable":true,"href":"https:\/\/escolagrancapita.wpcomstaging.com\/index.php?rest_route=%2Fwp%2Fv2%2Ftags&post=8259"}],"curies":[{"name":"wp","href":"https:\/\/api.w.org\/{rel}","templated":true}]}}