{"id":8315,"date":"2019-02-10T11:38:24","date_gmt":"2019-02-10T11:38:24","guid":{"rendered":"https:\/\/escolagrancapita.wpcomstaging.com\/?page_id=8315"},"modified":"2019-02-17T17:27:43","modified_gmt":"2019-02-17T17:27:43","slug":"robotica-al-cicle-mitja-amb-lego-maquines-simples-i-mecanismes","status":"publish","type":"page","link":"https:\/\/escolagrancapita.wpcomstaging.com\/?page_id=8315","title":{"rendered":"Rob\u00f2tica al Cicle Mitj\u00e0 amb LEGO M\u00e0quines Simples i Mecanismes"},"content":{"rendered":"<p>Durant aquest segon trimestre els alumnes de cicle mitj\u00e0 (3r i 4t de Prim\u00e0ria) comencen la rob\u00f2tica educativa de la m\u00e0 de <a href=\"https:\/\/education.lego.com\/en-us\/elementary\/intro\/simple-machines#Hands-On+Learning\" target=\"_blank\" rel=\"noopener\">LEGO M\u00e0quines Simples i Mecanismes<\/a>.<\/p>\n<p><img data-recalc-dims=\"1\" loading=\"lazy\" decoding=\"async\" class=\"aligncenter wp-image-8317 size-medium\" src=\"https:\/\/i0.wp.com\/escolagrancapita.wpcomstaging.com\/wp-content\/uploads\/2019\/02\/lego_education_maquinas_simples_y_motorizadas.jpg?resize=300%2C300&#038;ssl=1\" alt=\"\" width=\"300\" height=\"300\" srcset=\"https:\/\/i0.wp.com\/escolagrancapita.wpcomstaging.com\/wp-content\/uploads\/2019\/02\/lego_education_maquinas_simples_y_motorizadas.jpg?resize=300%2C300&amp;ssl=1 300w, https:\/\/i0.wp.com\/escolagrancapita.wpcomstaging.com\/wp-content\/uploads\/2019\/02\/lego_education_maquinas_simples_y_motorizadas.jpg?resize=150%2C150&amp;ssl=1 150w, https:\/\/i0.wp.com\/escolagrancapita.wpcomstaging.com\/wp-content\/uploads\/2019\/02\/lego_education_maquinas_simples_y_motorizadas.jpg?resize=768%2C768&amp;ssl=1 768w, https:\/\/i0.wp.com\/escolagrancapita.wpcomstaging.com\/wp-content\/uploads\/2019\/02\/lego_education_maquinas_simples_y_motorizadas.jpg?resize=270%2C270&amp;ssl=1 270w, https:\/\/i0.wp.com\/escolagrancapita.wpcomstaging.com\/wp-content\/uploads\/2019\/02\/lego_education_maquinas_simples_y_motorizadas.jpg?resize=230%2C230&amp;ssl=1 230w, https:\/\/i0.wp.com\/escolagrancapita.wpcomstaging.com\/wp-content\/uploads\/2019\/02\/lego_education_maquinas_simples_y_motorizadas.jpg?w=800&amp;ssl=1 800w\" sizes=\"auto, (max-width: 300px) 100vw, 300px\" \/><\/p>\n<p>Les activitats relacionades amb la rob\u00f2tica donen l&#8217;oportunitat als alumnes d&#8217;exposar-se a diversos tipus de disseny: el disseny f\u00edsic a l&#8217;hora de construir estructures i mecanismes i al disseny informatitzat a l&#8217;hora de preveure el seu comportament.<\/p>\n<p>A l&#8217;hora de dissenyar robots els alumnes han d&#8217;aplicar conceptes clau que es relacionen amb la ci\u00e8ncia, les matem\u00e0tiques, la tecnologia, el treball en equip i la comunicaci\u00f3, al mateix temps que aprenen el proc\u00e9s d&#8217;exploraci\u00f3, planificaci\u00f3 i resoluci\u00f3 de problemes.<\/p>\n<div id='gallery-1' class='gallery galleryid-8315 gallery-columns-3 gallery-size-large'><figure class='gallery-item'>\n\t\t\t<div class='gallery-icon landscape'>\n\t\t\t\t<img loading=\"lazy\" decoding=\"async\" width=\"750\" height=\"563\" src=\"https:\/\/i0.wp.com\/escolagrancapita.wpcomstaging.com\/wp-content\/uploads\/2019\/02\/PRI_Mecanismes-2.jpg?fit=750%2C563&amp;ssl=1\" class=\"attachment-large size-large\" alt=\"\" srcset=\"https:\/\/i0.wp.com\/escolagrancapita.wpcomstaging.com\/wp-content\/uploads\/2019\/02\/PRI_Mecanismes-2.jpg?w=1599&amp;ssl=1 1599w, https:\/\/i0.wp.com\/escolagrancapita.wpcomstaging.com\/wp-content\/uploads\/2019\/02\/PRI_Mecanismes-2.jpg?resize=300%2C225&amp;ssl=1 300w, https:\/\/i0.wp.com\/escolagrancapita.wpcomstaging.com\/wp-content\/uploads\/2019\/02\/PRI_Mecanismes-2.jpg?resize=768%2C576&amp;ssl=1 768w, https:\/\/i0.wp.com\/escolagrancapita.wpcomstaging.com\/wp-content\/uploads\/2019\/02\/PRI_Mecanismes-2.jpg?resize=1024%2C768&amp;ssl=1 1024w, https:\/\/i0.wp.com\/escolagrancapita.wpcomstaging.com\/wp-content\/uploads\/2019\/02\/PRI_Mecanismes-2.jpg?w=1500&amp;ssl=1 1500w\" sizes=\"auto, (max-width: 750px) 100vw, 750px\" \/>\n\t\t\t<\/div><\/figure><figure class='gallery-item'>\n\t\t\t<div class='gallery-icon landscape'>\n\t\t\t\t<img loading=\"lazy\" decoding=\"async\" width=\"750\" height=\"563\" src=\"https:\/\/i0.wp.com\/escolagrancapita.wpcomstaging.com\/wp-content\/uploads\/2019\/02\/PRI_Mecanismes-1.jpg?fit=750%2C563&amp;ssl=1\" class=\"attachment-large size-large\" alt=\"\" srcset=\"https:\/\/i0.wp.com\/escolagrancapita.wpcomstaging.com\/wp-content\/uploads\/2019\/02\/PRI_Mecanismes-1.jpg?w=1599&amp;ssl=1 1599w, https:\/\/i0.wp.com\/escolagrancapita.wpcomstaging.com\/wp-content\/uploads\/2019\/02\/PRI_Mecanismes-1.jpg?resize=300%2C225&amp;ssl=1 300w, https:\/\/i0.wp.com\/escolagrancapita.wpcomstaging.com\/wp-content\/uploads\/2019\/02\/PRI_Mecanismes-1.jpg?resize=768%2C576&amp;ssl=1 768w, https:\/\/i0.wp.com\/escolagrancapita.wpcomstaging.com\/wp-content\/uploads\/2019\/02\/PRI_Mecanismes-1.jpg?resize=1024%2C768&amp;ssl=1 1024w, https:\/\/i0.wp.com\/escolagrancapita.wpcomstaging.com\/wp-content\/uploads\/2019\/02\/PRI_Mecanismes-1.jpg?w=1500&amp;ssl=1 1500w\" sizes=\"auto, (max-width: 750px) 100vw, 750px\" \/>\n\t\t\t<\/div><\/figure><figure class='gallery-item'>\n\t\t\t<div class='gallery-icon landscape'>\n\t\t\t\t<img loading=\"lazy\" decoding=\"async\" width=\"750\" height=\"563\" src=\"https:\/\/i0.wp.com\/escolagrancapita.wpcomstaging.com\/wp-content\/uploads\/2019\/02\/PRI_Mecanismes-3.jpg?fit=750%2C563&amp;ssl=1\" class=\"attachment-large size-large\" alt=\"\" srcset=\"https:\/\/i0.wp.com\/escolagrancapita.wpcomstaging.com\/wp-content\/uploads\/2019\/02\/PRI_Mecanismes-3.jpg?w=1599&amp;ssl=1 1599w, https:\/\/i0.wp.com\/escolagrancapita.wpcomstaging.com\/wp-content\/uploads\/2019\/02\/PRI_Mecanismes-3.jpg?resize=300%2C225&amp;ssl=1 300w, https:\/\/i0.wp.com\/escolagrancapita.wpcomstaging.com\/wp-content\/uploads\/2019\/02\/PRI_Mecanismes-3.jpg?resize=768%2C576&amp;ssl=1 768w, https:\/\/i0.wp.com\/escolagrancapita.wpcomstaging.com\/wp-content\/uploads\/2019\/02\/PRI_Mecanismes-3.jpg?resize=1024%2C768&amp;ssl=1 1024w, https:\/\/i0.wp.com\/escolagrancapita.wpcomstaging.com\/wp-content\/uploads\/2019\/02\/PRI_Mecanismes-3.jpg?w=1500&amp;ssl=1 1500w\" sizes=\"auto, (max-width: 750px) 100vw, 750px\" \/>\n\t\t\t<\/div><\/figure>\n\t\t<\/div>\n\n<p>De moment s\u00f3n els alumnes de 4t de prim\u00e0ria els que han comen\u00e7at amb la rob\u00f2tica i quan finalitzin seran els de 3r els que els agafin el relleu.<\/p>\n","protected":false},"excerpt":{"rendered":"<p>Durant aquest segon trimestre els alumnes de cicle mitj\u00e0 (3r i 4t de Prim\u00e0ria) comencen la rob\u00f2tica educativa de la m\u00e0 de LEGO M\u00e0quines Simples i Mecanismes. Les activitats relacionades amb la rob\u00f2tica donen l&#8217;oportunitat als alumnes d&#8217;exposar-se a diversos<\/p>\n","protected":false},"author":1,"featured_media":0,"parent":661,"menu_order":0,"comment_status":"closed","ping_status":"closed","template":"","meta":{"_crdt_document":"","footnotes":""},"categories":[75],"tags":[109,86,111],"class_list":["post-8315","page","type-page","status-publish","hentry","category-activitats","tag-curs-2018-19","tag-ed-primaria","tag-steam"],"jetpack_sharing_enabled":true,"_links":{"self":[{"href":"https:\/\/escolagrancapita.wpcomstaging.com\/index.php?rest_route=\/wp\/v2\/pages\/8315","targetHints":{"allow":["GET"]}}],"collection":[{"href":"https:\/\/escolagrancapita.wpcomstaging.com\/index.php?rest_route=\/wp\/v2\/pages"}],"about":[{"href":"https:\/\/escolagrancapita.wpcomstaging.com\/index.php?rest_route=\/wp\/v2\/types\/page"}],"author":[{"embeddable":true,"href":"https:\/\/escolagrancapita.wpcomstaging.com\/index.php?rest_route=\/wp\/v2\/users\/1"}],"replies":[{"embeddable":true,"href":"https:\/\/escolagrancapita.wpcomstaging.com\/index.php?rest_route=%2Fwp%2Fv2%2Fcomments&post=8315"}],"version-history":[{"count":0,"href":"https:\/\/escolagrancapita.wpcomstaging.com\/index.php?rest_route=\/wp\/v2\/pages\/8315\/revisions"}],"up":[{"embeddable":true,"href":"https:\/\/escolagrancapita.wpcomstaging.com\/index.php?rest_route=\/wp\/v2\/pages\/661"}],"wp:attachment":[{"href":"https:\/\/escolagrancapita.wpcomstaging.com\/index.php?rest_route=%2Fwp%2Fv2%2Fmedia&parent=8315"}],"wp:term":[{"taxonomy":"category","embeddable":true,"href":"https:\/\/escolagrancapita.wpcomstaging.com\/index.php?rest_route=%2Fwp%2Fv2%2Fcategories&post=8315"},{"taxonomy":"post_tag","embeddable":true,"href":"https:\/\/escolagrancapita.wpcomstaging.com\/index.php?rest_route=%2Fwp%2Fv2%2Ftags&post=8315"}],"curies":[{"name":"wp","href":"https:\/\/api.w.org\/{rel}","templated":true}]}}