{"id":8505,"date":"2019-02-17T10:45:22","date_gmt":"2019-02-17T10:45:22","guid":{"rendered":"https:\/\/escolagrancapita.wpcomstaging.com\/?page_id=8505"},"modified":"2019-10-05T10:31:41","modified_gmt":"2019-10-05T10:31:41","slug":"lhort-dona-els-seus-fruits","status":"publish","type":"page","link":"https:\/\/escolagrancapita.wpcomstaging.com\/?page_id=8505","title":{"rendered":"L&#8217;hort d\u00f3na els seus fruits"},"content":{"rendered":"<p style=\"text-align: justify;\">Despr\u00e9s d&#8217;uns mesos cuidant i regant l&#8217;hort a diari, es comen\u00e7en a recollir els primers fruits del curs.<\/p>\n<p style=\"text-align: justify;\">Els alumnes del Cicle Mitj\u00e0 han pogut tastar els p\u00e8sols, l&#8217;enciam i la coliflor que ells mateixos <a href=\"https:\/\/escolagrancapita.wpcomstaging.com\/?page_id=7336\">van plantar<\/a>.<\/p>\n<p style=\"text-align: justify;\">L&#8217;experi\u00e8ncia ha servit per veure com ha estat el seu proc\u00e9s de germinaci\u00f3, des de la llavor fins a obtenir el resultat final.<\/p>\n<p style=\"text-align: justify;\">A m\u00e9s, a les classes de naturals estan treballant les plantes i han pogut veure la teoria portada a la pr\u00e0ctica.<\/p>\n<p style=\"text-align: justify;\">Encara els hi queda recollir les pastanagues i les faves, que ara mateix estan en flor.<\/p>\n<p style=\"text-align: justify;\">Despr\u00e9s triaran qu\u00e8 m\u00e9s plantar a l&#8217;hort.<\/p>\n<div id='gallery-1' class='gallery galleryid-8505 gallery-columns-2 gallery-size-large'><figure class='gallery-item'>\n\t\t\t<div class='gallery-icon portrait'>\n\t\t\t\t<img loading=\"lazy\" decoding=\"async\" width=\"576\" height=\"1024\" src=\"https:\/\/i0.wp.com\/escolagrancapita.wpcomstaging.com\/wp-content\/uploads\/2019\/02\/20190125_111716-e1550062478615.jpg?fit=576%2C1024&amp;ssl=1\" class=\"attachment-large size-large\" alt=\"\" srcset=\"https:\/\/i0.wp.com\/escolagrancapita.wpcomstaging.com\/wp-content\/uploads\/2019\/02\/20190125_111716-e1550062478615.jpg?w=2268&amp;ssl=1 2268w, https:\/\/i0.wp.com\/escolagrancapita.wpcomstaging.com\/wp-content\/uploads\/2019\/02\/20190125_111716-e1550062478615.jpg?resize=169%2C300&amp;ssl=1 169w, https:\/\/i0.wp.com\/escolagrancapita.wpcomstaging.com\/wp-content\/uploads\/2019\/02\/20190125_111716-e1550062478615.jpg?resize=768%2C1365&amp;ssl=1 768w, https:\/\/i0.wp.com\/escolagrancapita.wpcomstaging.com\/wp-content\/uploads\/2019\/02\/20190125_111716-e1550062478615.jpg?resize=576%2C1024&amp;ssl=1 576w, https:\/\/i0.wp.com\/escolagrancapita.wpcomstaging.com\/wp-content\/uploads\/2019\/02\/20190125_111716-e1550062478615.jpg?w=1500&amp;ssl=1 1500w\" sizes=\"auto, (max-width: 576px) 100vw, 576px\" \/>\n\t\t\t<\/div><\/figure><figure class='gallery-item'>\n\t\t\t<div class='gallery-icon portrait'>\n\t\t\t\t<img loading=\"lazy\" decoding=\"async\" width=\"576\" height=\"1024\" src=\"https:\/\/i0.wp.com\/escolagrancapita.wpcomstaging.com\/wp-content\/uploads\/2019\/02\/20190205_111504-e1550062494470.jpg?fit=576%2C1024&amp;ssl=1\" class=\"attachment-large size-large\" alt=\"\" srcset=\"https:\/\/i0.wp.com\/escolagrancapita.wpcomstaging.com\/wp-content\/uploads\/2019\/02\/20190205_111504-e1550062494470.jpg?w=2268&amp;ssl=1 2268w, https:\/\/i0.wp.com\/escolagrancapita.wpcomstaging.com\/wp-content\/uploads\/2019\/02\/20190205_111504-e1550062494470.jpg?resize=169%2C300&amp;ssl=1 169w, https:\/\/i0.wp.com\/escolagrancapita.wpcomstaging.com\/wp-content\/uploads\/2019\/02\/20190205_111504-e1550062494470.jpg?resize=768%2C1365&amp;ssl=1 768w, https:\/\/i0.wp.com\/escolagrancapita.wpcomstaging.com\/wp-content\/uploads\/2019\/02\/20190205_111504-e1550062494470.jpg?resize=576%2C1024&amp;ssl=1 576w, https:\/\/i0.wp.com\/escolagrancapita.wpcomstaging.com\/wp-content\/uploads\/2019\/02\/20190205_111504-e1550062494470.jpg?w=1500&amp;ssl=1 1500w\" sizes=\"auto, (max-width: 576px) 100vw, 576px\" \/>\n\t\t\t<\/div><\/figure>\n\t\t<\/div>\n\n<div id='gallery-2' class='gallery galleryid-8505 gallery-columns-3 gallery-size-large'><figure class='gallery-item'>\n\t\t\t<div class='gallery-icon landscape'>\n\t\t\t\t<img loading=\"lazy\" decoding=\"async\" width=\"750\" height=\"422\" src=\"https:\/\/i0.wp.com\/escolagrancapita.wpcomstaging.com\/wp-content\/uploads\/2019\/02\/20190205_111424.jpg?fit=750%2C422&amp;ssl=1\" class=\"attachment-large size-large\" alt=\"\" srcset=\"https:\/\/i0.wp.com\/escolagrancapita.wpcomstaging.com\/wp-content\/uploads\/2019\/02\/20190205_111424.jpg?w=4032&amp;ssl=1 4032w, https:\/\/i0.wp.com\/escolagrancapita.wpcomstaging.com\/wp-content\/uploads\/2019\/02\/20190205_111424.jpg?resize=300%2C169&amp;ssl=1 300w, https:\/\/i0.wp.com\/escolagrancapita.wpcomstaging.com\/wp-content\/uploads\/2019\/02\/20190205_111424.jpg?resize=768%2C432&amp;ssl=1 768w, https:\/\/i0.wp.com\/escolagrancapita.wpcomstaging.com\/wp-content\/uploads\/2019\/02\/20190205_111424.jpg?resize=1024%2C576&amp;ssl=1 1024w, https:\/\/i0.wp.com\/escolagrancapita.wpcomstaging.com\/wp-content\/uploads\/2019\/02\/20190205_111424.jpg?w=1500&amp;ssl=1 1500w, https:\/\/i0.wp.com\/escolagrancapita.wpcomstaging.com\/wp-content\/uploads\/2019\/02\/20190205_111424.jpg?w=2250&amp;ssl=1 2250w\" sizes=\"auto, (max-width: 750px) 100vw, 750px\" \/>\n\t\t\t<\/div><\/figure><figure class='gallery-item'>\n\t\t\t<div class='gallery-icon landscape'>\n\t\t\t\t<img loading=\"lazy\" decoding=\"async\" width=\"750\" height=\"422\" src=\"https:\/\/i0.wp.com\/escolagrancapita.wpcomstaging.com\/wp-content\/uploads\/2019\/02\/20190205_111432.jpg?fit=750%2C422&amp;ssl=1\" class=\"attachment-large size-large\" alt=\"\" srcset=\"https:\/\/i0.wp.com\/escolagrancapita.wpcomstaging.com\/wp-content\/uploads\/2019\/02\/20190205_111432.jpg?w=4032&amp;ssl=1 4032w, https:\/\/i0.wp.com\/escolagrancapita.wpcomstaging.com\/wp-content\/uploads\/2019\/02\/20190205_111432.jpg?resize=300%2C169&amp;ssl=1 300w, https:\/\/i0.wp.com\/escolagrancapita.wpcomstaging.com\/wp-content\/uploads\/2019\/02\/20190205_111432.jpg?resize=768%2C432&amp;ssl=1 768w, https:\/\/i0.wp.com\/escolagrancapita.wpcomstaging.com\/wp-content\/uploads\/2019\/02\/20190205_111432.jpg?resize=1024%2C576&amp;ssl=1 1024w, https:\/\/i0.wp.com\/escolagrancapita.wpcomstaging.com\/wp-content\/uploads\/2019\/02\/20190205_111432.jpg?w=1500&amp;ssl=1 1500w, https:\/\/i0.wp.com\/escolagrancapita.wpcomstaging.com\/wp-content\/uploads\/2019\/02\/20190205_111432.jpg?w=2250&amp;ssl=1 2250w\" sizes=\"auto, (max-width: 750px) 100vw, 750px\" \/>\n\t\t\t<\/div><\/figure><figure class='gallery-item'>\n\t\t\t<div class='gallery-icon landscape'>\n\t\t\t\t<img loading=\"lazy\" decoding=\"async\" width=\"750\" height=\"422\" src=\"https:\/\/i0.wp.com\/escolagrancapita.wpcomstaging.com\/wp-content\/uploads\/2019\/02\/20190205_111522.jpg?fit=750%2C422&amp;ssl=1\" class=\"attachment-large size-large\" alt=\"\" srcset=\"https:\/\/i0.wp.com\/escolagrancapita.wpcomstaging.com\/wp-content\/uploads\/2019\/02\/20190205_111522.jpg?w=4032&amp;ssl=1 4032w, https:\/\/i0.wp.com\/escolagrancapita.wpcomstaging.com\/wp-content\/uploads\/2019\/02\/20190205_111522.jpg?resize=300%2C169&amp;ssl=1 300w, https:\/\/i0.wp.com\/escolagrancapita.wpcomstaging.com\/wp-content\/uploads\/2019\/02\/20190205_111522.jpg?resize=768%2C432&amp;ssl=1 768w, https:\/\/i0.wp.com\/escolagrancapita.wpcomstaging.com\/wp-content\/uploads\/2019\/02\/20190205_111522.jpg?resize=1024%2C576&amp;ssl=1 1024w, https:\/\/i0.wp.com\/escolagrancapita.wpcomstaging.com\/wp-content\/uploads\/2019\/02\/20190205_111522.jpg?w=1500&amp;ssl=1 1500w, https:\/\/i0.wp.com\/escolagrancapita.wpcomstaging.com\/wp-content\/uploads\/2019\/02\/20190205_111522.jpg?w=2250&amp;ssl=1 2250w\" sizes=\"auto, (max-width: 750px) 100vw, 750px\" \/>\n\t\t\t<\/div><\/figure>\n\t\t<\/div>\n\n<p>Molt bona feina!<\/p>\n","protected":false},"excerpt":{"rendered":"<p>Despr\u00e9s d&#8217;uns mesos cuidant i regant l&#8217;hort a diari, es comen\u00e7en a recollir els primers fruits del curs. Els alumnes del Cicle Mitj\u00e0 han pogut tastar els p\u00e8sols, l&#8217;enciam i la coliflor que ells mateixos van plantar. L&#8217;experi\u00e8ncia ha servit<\/p>\n","protected":false},"author":1,"featured_media":0,"parent":661,"menu_order":0,"comment_status":"closed","ping_status":"closed","template":"","meta":{"_crdt_document":"","footnotes":""},"categories":[75],"tags":[109,86,118],"class_list":["post-8505","page","type-page","status-publish","hentry","category-activitats","tag-curs-2018-19","tag-ed-primaria","tag-sostenibilitat"],"jetpack_sharing_enabled":true,"_links":{"self":[{"href":"https:\/\/escolagrancapita.wpcomstaging.com\/index.php?rest_route=\/wp\/v2\/pages\/8505","targetHints":{"allow":["GET"]}}],"collection":[{"href":"https:\/\/escolagrancapita.wpcomstaging.com\/index.php?rest_route=\/wp\/v2\/pages"}],"about":[{"href":"https:\/\/escolagrancapita.wpcomstaging.com\/index.php?rest_route=\/wp\/v2\/types\/page"}],"author":[{"embeddable":true,"href":"https:\/\/escolagrancapita.wpcomstaging.com\/index.php?rest_route=\/wp\/v2\/users\/1"}],"replies":[{"embeddable":true,"href":"https:\/\/escolagrancapita.wpcomstaging.com\/index.php?rest_route=%2Fwp%2Fv2%2Fcomments&post=8505"}],"version-history":[{"count":0,"href":"https:\/\/escolagrancapita.wpcomstaging.com\/index.php?rest_route=\/wp\/v2\/pages\/8505\/revisions"}],"up":[{"embeddable":true,"href":"https:\/\/escolagrancapita.wpcomstaging.com\/index.php?rest_route=\/wp\/v2\/pages\/661"}],"wp:attachment":[{"href":"https:\/\/escolagrancapita.wpcomstaging.com\/index.php?rest_route=%2Fwp%2Fv2%2Fmedia&parent=8505"}],"wp:term":[{"taxonomy":"category","embeddable":true,"href":"https:\/\/escolagrancapita.wpcomstaging.com\/index.php?rest_route=%2Fwp%2Fv2%2Fcategories&post=8505"},{"taxonomy":"post_tag","embeddable":true,"href":"https:\/\/escolagrancapita.wpcomstaging.com\/index.php?rest_route=%2Fwp%2Fv2%2Ftags&post=8505"}],"curies":[{"name":"wp","href":"https:\/\/api.w.org\/{rel}","templated":true}]}}