{"id":8668,"date":"2019-02-22T16:22:49","date_gmt":"2019-02-22T16:22:49","guid":{"rendered":"https:\/\/escolagrancapita.wpcomstaging.com\/?page_id=8668"},"modified":"2019-02-22T16:23:53","modified_gmt":"2019-02-22T16:23:53","slug":"cartes-amb-molt-damor","status":"publish","type":"page","link":"https:\/\/escolagrancapita.wpcomstaging.com\/?page_id=8668","title":{"rendered":"Cartes amb molt d&#8217;amor"},"content":{"rendered":"<p style=\"text-align: justify;\">Com s&#8217;escriu una\u00a0carta? Amb quin objectiu? Com podem crear un sobre? Qui s\u00f3n el destinatari i el remitent?<\/p>\n<p style=\"text-align: justify;\">Els nostres alumnes des de 4t de Prim\u00e0ria fins a 1r d&#8217;ESO han contestat a aquestes q\u00fcestions el dia dels enamorats.\u00a0<span style=\"font-size: 14pt;\"><span class=\"emoji\">&#x2764;&#xfe0f;<\/span>!<\/span><\/p>\n<div id='gallery-1' class='gallery galleryid-8668 gallery-columns-3 gallery-size-large'><figure class='gallery-item'>\n\t\t\t<div class='gallery-icon landscape'>\n\t\t\t\t<img loading=\"lazy\" decoding=\"async\" width=\"333\" height=\"250\" src=\"https:\/\/i0.wp.com\/escolagrancapita.wpcomstaging.com\/wp-content\/uploads\/2019\/02\/foto-3.jpg?fit=333%2C250&amp;ssl=1\" class=\"attachment-large size-large\" alt=\"\" srcset=\"https:\/\/i0.wp.com\/escolagrancapita.wpcomstaging.com\/wp-content\/uploads\/2019\/02\/foto-3.jpg?w=333&amp;ssl=1 333w, https:\/\/i0.wp.com\/escolagrancapita.wpcomstaging.com\/wp-content\/uploads\/2019\/02\/foto-3.jpg?resize=300%2C225&amp;ssl=1 300w\" sizes=\"auto, (max-width: 333px) 100vw, 333px\" \/>\n\t\t\t<\/div><\/figure><figure class='gallery-item'>\n\t\t\t<div class='gallery-icon landscape'>\n\t\t\t\t<img loading=\"lazy\" decoding=\"async\" width=\"333\" height=\"250\" src=\"https:\/\/i0.wp.com\/escolagrancapita.wpcomstaging.com\/wp-content\/uploads\/2019\/02\/foto-1.jpg?fit=333%2C250&amp;ssl=1\" class=\"attachment-large size-large\" alt=\"\" srcset=\"https:\/\/i0.wp.com\/escolagrancapita.wpcomstaging.com\/wp-content\/uploads\/2019\/02\/foto-1.jpg?w=333&amp;ssl=1 333w, https:\/\/i0.wp.com\/escolagrancapita.wpcomstaging.com\/wp-content\/uploads\/2019\/02\/foto-1.jpg?resize=300%2C225&amp;ssl=1 300w\" sizes=\"auto, (max-width: 333px) 100vw, 333px\" \/>\n\t\t\t<\/div><\/figure><figure class='gallery-item'>\n\t\t\t<div class='gallery-icon landscape'>\n\t\t\t\t<img loading=\"lazy\" decoding=\"async\" width=\"333\" height=\"250\" src=\"https:\/\/i0.wp.com\/escolagrancapita.wpcomstaging.com\/wp-content\/uploads\/2019\/02\/foto-5.jpg?fit=333%2C250&amp;ssl=1\" class=\"attachment-large size-large\" alt=\"\" srcset=\"https:\/\/i0.wp.com\/escolagrancapita.wpcomstaging.com\/wp-content\/uploads\/2019\/02\/foto-5.jpg?w=333&amp;ssl=1 333w, https:\/\/i0.wp.com\/escolagrancapita.wpcomstaging.com\/wp-content\/uploads\/2019\/02\/foto-5.jpg?resize=300%2C225&amp;ssl=1 300w\" sizes=\"auto, (max-width: 333px) 100vw, 333px\" \/>\n\t\t\t<\/div><\/figure>\n\t\t<\/div>\n\n<div id='gallery-2' class='gallery galleryid-8668 gallery-columns-2 gallery-size-large'><figure class='gallery-item'>\n\t\t\t<div class='gallery-icon portrait'>\n\t\t\t\t<img loading=\"lazy\" decoding=\"async\" width=\"250\" height=\"333\" src=\"https:\/\/i0.wp.com\/escolagrancapita.wpcomstaging.com\/wp-content\/uploads\/2019\/02\/foto-2.jpg?fit=250%2C333&amp;ssl=1\" class=\"attachment-large size-large\" alt=\"\" srcset=\"https:\/\/i0.wp.com\/escolagrancapita.wpcomstaging.com\/wp-content\/uploads\/2019\/02\/foto-2.jpg?w=250&amp;ssl=1 250w, https:\/\/i0.wp.com\/escolagrancapita.wpcomstaging.com\/wp-content\/uploads\/2019\/02\/foto-2.jpg?resize=225%2C300&amp;ssl=1 225w\" sizes=\"auto, (max-width: 250px) 100vw, 250px\" \/>\n\t\t\t<\/div><\/figure><figure class='gallery-item'>\n\t\t\t<div class='gallery-icon portrait'>\n\t\t\t\t<img loading=\"lazy\" decoding=\"async\" width=\"250\" height=\"333\" src=\"https:\/\/i0.wp.com\/escolagrancapita.wpcomstaging.com\/wp-content\/uploads\/2019\/02\/foto-4.jpg?fit=250%2C333&amp;ssl=1\" class=\"attachment-large size-large\" alt=\"\" srcset=\"https:\/\/i0.wp.com\/escolagrancapita.wpcomstaging.com\/wp-content\/uploads\/2019\/02\/foto-4.jpg?w=250&amp;ssl=1 250w, https:\/\/i0.wp.com\/escolagrancapita.wpcomstaging.com\/wp-content\/uploads\/2019\/02\/foto-4.jpg?resize=225%2C300&amp;ssl=1 225w\" sizes=\"auto, (max-width: 250px) 100vw, 250px\" \/>\n\t\t\t<\/div><\/figure>\n\t\t<\/div>\n\n<p style=\"text-align: justify;\">El 14 de febrer, durant l&#8217;hora de llengua castellana, han expressat la seva admiraci\u00f3 i afecte envers un \u00e9sser estimat.<\/p>\n<p style=\"text-align: justify;\">Alguns van fer creacions pr\u00f2pies molt intenses. D&#8217;altres, van escollir un poema de <a href=\"https:\/\/ca.wikipedia.org\/wiki\/Pablo_Neruda\">Pablo Neruda<\/a> o una rima de <a href=\"https:\/\/ca.wikipedia.org\/wiki\/Gustavo_Adolfo_B%C3%A9cquer\">G. A. B\u00e9cquer<\/a>. Tamb\u00e9 tenien l&#8217;opci\u00f3 de crear un <a href=\"https:\/\/ca.wikipedia.org\/wiki\/Pictograma\">pictograma<\/a>.<\/p>\n<p style=\"text-align: justify;\">La diversitat els va ajudar a con\u00e8ixer grans poetes de la hist\u00f2ria de la literatura castellana, aix\u00ed com una t\u00e8cnica on els dibuixos ajuden a expressar conceptes.<\/p>\n","protected":false},"excerpt":{"rendered":"<p>Com s&#8217;escriu una\u00a0carta? Amb quin objectiu? Com podem crear un sobre? Qui s\u00f3n el destinatari i el remitent? Els nostres alumnes des de 4t de Prim\u00e0ria fins a 1r d&#8217;ESO han contestat a aquestes q\u00fcestions el dia dels enamorats.\u00a0&#x2764;&#xfe0f;! El<\/p>\n","protected":false},"author":1,"featured_media":0,"parent":4246,"menu_order":0,"comment_status":"closed","ping_status":"closed","template":"","meta":{"_crdt_document":"","footnotes":""},"categories":[75],"tags":[109,86,43],"class_list":["post-8668","page","type-page","status-publish","hentry","category-activitats","tag-curs-2018-19","tag-ed-primaria","tag-ed-secundaria"],"jetpack_sharing_enabled":true,"_links":{"self":[{"href":"https:\/\/escolagrancapita.wpcomstaging.com\/index.php?rest_route=\/wp\/v2\/pages\/8668","targetHints":{"allow":["GET"]}}],"collection":[{"href":"https:\/\/escolagrancapita.wpcomstaging.com\/index.php?rest_route=\/wp\/v2\/pages"}],"about":[{"href":"https:\/\/escolagrancapita.wpcomstaging.com\/index.php?rest_route=\/wp\/v2\/types\/page"}],"author":[{"embeddable":true,"href":"https:\/\/escolagrancapita.wpcomstaging.com\/index.php?rest_route=\/wp\/v2\/users\/1"}],"replies":[{"embeddable":true,"href":"https:\/\/escolagrancapita.wpcomstaging.com\/index.php?rest_route=%2Fwp%2Fv2%2Fcomments&post=8668"}],"version-history":[{"count":0,"href":"https:\/\/escolagrancapita.wpcomstaging.com\/index.php?rest_route=\/wp\/v2\/pages\/8668\/revisions"}],"up":[{"embeddable":true,"href":"https:\/\/escolagrancapita.wpcomstaging.com\/index.php?rest_route=\/wp\/v2\/pages\/4246"}],"wp:attachment":[{"href":"https:\/\/escolagrancapita.wpcomstaging.com\/index.php?rest_route=%2Fwp%2Fv2%2Fmedia&parent=8668"}],"wp:term":[{"taxonomy":"category","embeddable":true,"href":"https:\/\/escolagrancapita.wpcomstaging.com\/index.php?rest_route=%2Fwp%2Fv2%2Fcategories&post=8668"},{"taxonomy":"post_tag","embeddable":true,"href":"https:\/\/escolagrancapita.wpcomstaging.com\/index.php?rest_route=%2Fwp%2Fv2%2Ftags&post=8668"}],"curies":[{"name":"wp","href":"https:\/\/api.w.org\/{rel}","templated":true}]}}